{"id":2154,"date":"2015-03-12T14:38:59","date_gmt":"2015-03-12T14:38:59","guid":{"rendered":"http:\/\/demo-content.kaliumtheme.com\/main\/?page_id=2154"},"modified":"2016-12-20T11:34:18","modified_gmt":"2016-12-20T08:34:18","slug":"hakkimizda","status":"publish","type":"page","link":"http:\/\/www.rasyonelmim.com\/en\/about\/","title":{"rendered":"About"},"content":{"rendered":"<p>[vc_row][vc_column reveal_effect=&#8221;fadeIn&#8221; reveal_duration=&#8221;0.7&#8243; reveal_delay=&#8221;0.1&#8243;][lab_heading title=&#8221;About.&#8221;]In 1996, by architect Sema \u00d6zay  ( ITU -1984 ) with MA. architect Ayd\u0131n \u00d6zay (KTU \u2013 1981), Rasyonel Architects was established with the partnership. Their activities continue in the fields of architecture and interior design projects, refurbishment contracting, supervision and consulting services<br \/>\nRasyonel Architects, guiding the project designs from the point of rational view, has provided a large number of references during 20 years, comprehensive scale architectural projects to interior design. In particular areas of expertise are housing, conference halls, hospitals, shopping centers, public buildings, industrial buildings and administrative buildings.<br \/>\n[\/lab_heading][\/vc_column][\/vc_row][vc_row][vc_column reveal_effect=&#8221;fadeIn&#8221;][lab_team_members reveal_effect=&#8221;none&#8221; hover_style=&#8221;distanced&#8221;][lab_team_members_member image=&#8221;4213&#8243; name=&#8221;Sema \u00d6zay&#8221; sub_title=&#8221;Founder Architect&#8221; link=&#8221;url:%23||&#8221;][lab_team_members_member image=&#8221;4212&#8243; name=&#8221;Ayd\u0131n \u00d6zay&#8221; sub_title=&#8221;Founder Architect&#8221;][lab_team_members_member image=&#8221;4214&#8243; name=&#8221;Aydan Fidanc\u0131 B\u0131ld\u0131rc\u0131n&#8221; sub_title=&#8221;Architect&#8221;][lab_team_members_member image=&#8221;4215&#8243; name=&#8221;Bur\u00e7ak Aksoy&#8221; sub_title=&#8221;Architect&#8221;][lab_team_members_member image=&#8221;4242&#8243; name=&#8221;Nedim \u00d6z&#8221; sub_title=&#8221;Architect&#8221;][\/lab_team_members][\/vc_column][\/vc_row]<\/p>","protected":false},"excerpt":{"rendered":"<p>[vc_row][vc_column reveal_effect=&#8221;fadeIn&#8221; reveal_duration=&#8221;0.7&#8243; reveal_delay=&#8221;0.1&#8243;][lab_heading title=&#8221;About.&#8221;]In 1996, by architect Sema \u00d6zay ( ITU -1984 ) with MA. architect Ayd\u0131n \u00d6zay (KTU \u2013 1981), Rasyonel Architects was established with the partnership. Their activities continue in the fields of architecture and interior design projects, refurbishment contracting, supervision and consulting services Rasyonel Architects, guiding the project designs from the&hellip;<\/p>\n","protected":false},"author":1,"featured_media":0,"parent":0,"menu_order":0,"comment_status":"open","ping_status":"closed","template":"","meta":[],"acf":[],"_links":{"self":[{"href":"http:\/\/www.rasyonelmim.com\/en\/wp-json\/wp\/v2\/pages\/2154"}],"collection":[{"href":"http:\/\/www.rasyonelmim.com\/en\/wp-json\/wp\/v2\/pages"}],"about":[{"href":"http:\/\/www.rasyonelmim.com\/en\/wp-json\/wp\/v2\/types\/page"}],"author":[{"embeddable":true,"href":"http:\/\/www.rasyonelmim.com\/en\/wp-json\/wp\/v2\/users\/1"}],"replies":[{"embeddable":true,"href":"http:\/\/www.rasyonelmim.com\/en\/wp-json\/wp\/v2\/comments?post=2154"}],"version-history":[{"count":17,"href":"http:\/\/www.rasyonelmim.com\/en\/wp-json\/wp\/v2\/pages\/2154\/revisions"}],"predecessor-version":[{"id":4497,"href":"http:\/\/www.rasyonelmim.com\/en\/wp-json\/wp\/v2\/pages\/2154\/revisions\/4497"}],"wp:attachment":[{"href":"http:\/\/www.rasyonelmim.com\/en\/wp-json\/wp\/v2\/media?parent=2154"}],"curies":[{"name":"wp","href":"https:\/\/api.w.org\/{rel}","templated":true}]}}